{"id":1119,"date":"2018-05-24T18:37:03","date_gmt":"2018-05-24T16:37:03","guid":{"rendered":"https:\/\/mobilekspert.pl\/zamow-usluge\/?page_id=1119"},"modified":"2024-11-13T12:14:56","modified_gmt":"2024-11-13T11:14:56","slug":"klauzula-informacyjna","status":"publish","type":"page","link":"https:\/\/mobilekspert.pl\/zamow-usluge\/klauzula-informacyjna\/","title":{"rendered":"Klauzula informacyjna"},"content":{"rendered":"<p>Administratorem Pa\u0144stwa danych osobowych przekazywanych w niniejszym formularzu zam\u00f3wienia inspekcji jest MOTOCONTROLER sp. z o.o. z siedzib\u0105 w Krakowie (KRS: 0000932185, REGON: 520440363, NIP: 6793226824, adres: ul. p\u0142k. D\u0105bka 8\/402, 30-732 Krak\u00f3w).<\/p>\n<p>Je\u017celi z\u0142o\u017cyli Pa\u0144stwo o\u015bwiadczenie o zgodzie na przetwarzanie danych osobowych w ka\u017cdej chwili maj\u0105 Pa\u0144stwo prawo cofn\u0105\u0107 t\u0105 zgod\u0119. Cofni\u0119cie zgody nie b\u0119dzie wp\u0142ywa\u0107 na zgodno\u015b\u0107 z prawem przetwarzania, kt\u00f3rego dokonano na podstawie Pa\u0144stwa zgody przed jej wycofaniem.<\/p>\n<p>Dane osobowe przetwarzane na poni\u017cszej stronie wykorzystywane s\u0105 w celu kontaktu z Pa\u0144stwem, \u015bwiadczenia us\u0142ug oferowanych przez Administratora Danych Osobowych jak r\u00f3wnie\u017c odpowiedzi na zadane przez Pa\u0144stwa pytania, na podstawie Pa\u0144stwa zgody i zainteresowania nasz\u0105 ofert\u0105 (podstawa z art. 6 ust. 1 lit. a i b RODO).<\/p>\n<p>Pa\u0144stwa dane osobowe zbierane w niniejszym formularzu mo\u017cemy udost\u0119pnia\u0107 nast\u0119puj\u0105cym kategoriom podmiot\u00f3w:<\/p>\n<p>wsp\u00f3\u0142pracownikom \/ podwykonawcom, czyli podmiotom, z kt\u00f3rych korzystamy przy ich przetwarzaniu lub kt\u00f3rych oferta uzupe\u0142nia nasz\u0105 ofert\u0119;<\/p>\n<p>Pa\u0144stwa Dane osobowe b\u0119d\u0105 przetwarzane i przechowywane od momentu ich uzyskania przez Administratora Danych Osobowych do czasu, a\u017c zg\u0142osz\u0105 Pa\u0144stwo sprzeciw wzgl\u0119dem ich przetwarzania w tym celu, cofn\u0105 Pa\u0144stwo zgod\u0119, je\u015bli przetwarzali\u015bmy je na podstawie tzw. zgody marketingowej, do czasu przedawnienia mo\u017cliwo\u015bci dochodzenia ewentualnych roszcze\u0144 wynikaj\u0105cych z zawieranych drog\u0105 elektroniczn\u0105 um\u00f3w lub sami ustalimy, \u017ce si\u0119 zdezaktualizowa\u0142y.<\/p>\n<p>Maj\u0105 Pa\u0144stwo prawo wniesienia skargi do UODO gdy uznaj\u0105 Pa\u0144stwo, i\u017c przetwarzanie danych osobowych narusza przepisy og\u00f3lnego rozporz\u0105dzenia o ochronie danych osobowych z dnia 27 kwietnia 2016 r.<\/p>\n<p>Przys\u0142uguje Pa\u0144stwu prawo:<\/p>\n<p>dost\u0119pu do swoich danych osobowych i otrzymania ich kopii; sprostowania (poprawiania swoich danych); usuni\u0119cia danych; ograniczenia przetwarzania danych osobowych; wniesienia sprzeciwu wobec przetwarzania danych osobowych; przenoszenia danych; wniesienia skargi do organu nadzorczego; cofni\u0119cia zgody na przetwarzanie danych osobowych.<\/p>\n<p>Szczeg\u00f3\u0142y i wskaz\u00f3wki jak wykonywa\u0107 swoje prawa znajd\u0105 Pa\u0144stwo w <a href=\"https:\/\/mobilekspert.pl\/zamow-usluge\/polityka-prywatnosci\/\">polityce prywatno\u015bci<\/a>.<\/p>\n<p>Podanie przez Pa\u0144stwa danych ma charakter dobrowolny.<\/p>\n","protected":false},"excerpt":{"rendered":"<p>Administratorem Pa\u0144stwa danych osobowych przekazywanych w niniejszym formularzu zam\u00f3wienia inspekcji jest MOTOCONTROLER sp. z o.o. z siedzib\u0105 w Krakowie (KRS: 0000932185, REGON: 520440363, NIP: 6793226824, adres: ul. p\u0142k. D\u0105bka 8\/402, 30-732 Krak\u00f3w). Je\u017celi z\u0142o\u017cyli Pa\u0144stwo o\u015bwiadczenie o zgodzie na przetwarzanie danych osobowych w ka\u017cdej chwili maj\u0105 Pa\u0144stwo prawo cofn\u0105\u0107 t\u0105 zgod\u0119. Cofni\u0119cie zgody nie b\u0119dzie&hellip; <a class=\"more-link\" href=\"https:\/\/mobilekspert.pl\/zamow-usluge\/klauzula-informacyjna\/\">Czytaj dalej <span class=\"screen-reader-text\">Klauzula informacyjna<\/span><\/a><\/p>\n","protected":false},"author":1,"featured_media":0,"parent":0,"menu_order":0,"comment_status":"closed","ping_status":"closed","template":"page-full.php","meta":{"footnotes":""},"_links":{"self":[{"href":"https:\/\/mobilekspert.pl\/zamow-usluge\/wp-json\/wp\/v2\/pages\/1119"}],"collection":[{"href":"https:\/\/mobilekspert.pl\/zamow-usluge\/wp-json\/wp\/v2\/pages"}],"about":[{"href":"https:\/\/mobilekspert.pl\/zamow-usluge\/wp-json\/wp\/v2\/types\/page"}],"author":[{"embeddable":true,"href":"https:\/\/mobilekspert.pl\/zamow-usluge\/wp-json\/wp\/v2\/users\/1"}],"replies":[{"embeddable":true,"href":"https:\/\/mobilekspert.pl\/zamow-usluge\/wp-json\/wp\/v2\/comments?post=1119"}],"version-history":[{"count":3,"href":"https:\/\/mobilekspert.pl\/zamow-usluge\/wp-json\/wp\/v2\/pages\/1119\/revisions"}],"predecessor-version":[{"id":3694,"href":"https:\/\/mobilekspert.pl\/zamow-usluge\/wp-json\/wp\/v2\/pages\/1119\/revisions\/3694"}],"wp:attachment":[{"href":"https:\/\/mobilekspert.pl\/zamow-usluge\/wp-json\/wp\/v2\/media?parent=1119"}],"curies":[{"name":"wp","href":"https:\/\/api.w.org\/{rel}","templated":true}]}}